{"id":3,"date":"2024-08-16T22:24:38","date_gmt":"2024-08-16T22:24:38","guid":{"rendered":"https:\/\/swiftline.vamtam.com\/?page_id=3"},"modified":"2026-01-07T00:16:03","modified_gmt":"2026-01-07T00:16:03","slug":"politica-de-privacidad","status":"publish","type":"page","link":"https:\/\/es-log.com\/en\/politica-de-privacidad\/","title":{"rendered":"Privacy Policy"},"content":{"rendered":"<div data-elementor-type=\"wp-page\" data-elementor-id=\"3\" class=\"elementor elementor-3\" data-elementor-settings=\"{&quot;ha_cmc_init_switcher&quot;:&quot;no&quot;}\" data-elementor-post-type=\"page\">\n\t\t\t\t<div class=\"has_eae_slider elementor-element elementor-element-928e462 animated-fast e-flex e-con-boxed e-con e-parent\" data-eae-slider=\"28091\" data-id=\"928e462\" data-element_type=\"container\" data-e-type=\"container\" data-settings=\"{&quot;animation&quot;:&quot;none&quot;,&quot;animation_tablet&quot;:&quot;none&quot;,&quot;_ha_eqh_enable&quot;:false}\">\n\t\t\t\t\t<div class=\"e-con-inner\">\n\t\t\t\t<div class=\"elementor-element elementor-element-db7acd3 elementor-widget__width-initial elementor-widget elementor-widget-theme-post-title elementor-page-title elementor-widget-heading\" data-id=\"db7acd3\" data-element_type=\"widget\" data-e-type=\"widget\" data-widget_type=\"theme-post-title.default\">\n\t\t\t\t<div class=\"elementor-widget-container\">\n\t\t\t\t\t<h1 class=\"elementor-heading-title elementor-size-default\">Privacy Policy<\/h1>\t\t\t\t<\/div>\n\t\t\t\t<\/div>\n\t\t\t\t\t<\/div>\n\t\t\t\t<\/div>\n\t\t<div class=\"has_eae_slider elementor-element elementor-element-7b9bf37 e-flex e-con-boxed e-con e-parent\" data-eae-slider=\"43612\" data-id=\"7b9bf37\" data-element_type=\"container\" data-e-type=\"container\" data-settings=\"{&quot;_ha_eqh_enable&quot;:false}\">\n\t\t\t\t\t<div class=\"e-con-inner\">\n\t\t\t\t<div class=\"elementor-element elementor-element-a79b77f elementor-widget elementor-widget-text-editor\" data-id=\"a79b77f\" data-element_type=\"widget\" data-e-type=\"widget\" data-widget_type=\"text-editor.default\">\n\t\t\t\t<div class=\"elementor-widget-container\">\n\t\t\t\t\t\t\t\t\t<p>This document governs the use of the website (es-log.com), owned by <em>easy &amp; smart Logistics S. de R.L. de C.V.<\/em>, as well as the processing of users\u2019 personal data, in compliance with the applicable legislation of the United Mexican States.<\/p><p>This Privacy Policy describes how personal data is collected, used, stored, and protected.<\/p><p><br \/>.<\/p>\t\t\t\t\t\t\t\t<\/div>\n\t\t\t\t<\/div>\n\t\t\t\t<div class=\"elementor-element elementor-element-1fe34bc elementor-widget elementor-widget-heading\" data-id=\"1fe34bc\" data-element_type=\"widget\" data-e-type=\"widget\" data-widget_type=\"heading.default\">\n\t\t\t\t<div class=\"elementor-widget-container\">\n\t\t\t\t\t<h3 class=\"elementor-heading-title elementor-size-default\">Personal data collected<\/h3>\t\t\t\t<\/div>\n\t\t\t\t<\/div>\n\t\t\t\t<div class=\"elementor-element elementor-element-c56697d elementor-widget elementor-widget-text-editor\" data-id=\"c56697d\" data-element_type=\"widget\" data-e-type=\"widget\" data-widget_type=\"text-editor.default\">\n\t\t\t\t<div class=\"elementor-widget-container\">\n\t\t\t\t\t\t\t\t\t<p>For the provision of our logistics services, the following personal data may be collected:<\/p><ul><li>Full name<\/li><li>Company name and Tax Identification Number (RFC)<\/li><li>Email address<\/li><li>Phone number<\/li><li>Fiscal and operational address<\/li><li>Shipment, pickup, and delivery information<\/li><li>Billing information<\/li><li>IP address and website browsing data<\/li><\/ul><p>Sensitive personal data is not collected, unless strictly necessary and with the express consent of the data subject.<\/p>\t\t\t\t\t\t\t\t<\/div>\n\t\t\t\t<\/div>\n\t\t\t\t<div class=\"elementor-element elementor-element-6238173 elementor-widget elementor-widget-heading\" data-id=\"6238173\" data-element_type=\"widget\" data-e-type=\"widget\" data-widget_type=\"heading.default\">\n\t\t\t\t<div class=\"elementor-widget-container\">\n\t\t\t\t\t<h3 class=\"elementor-heading-title elementor-size-default\">Use of personal data<\/h3>\t\t\t\t<\/div>\n\t\t\t\t<\/div>\n\t\t\t\t<div class=\"elementor-element elementor-element-3cd55a0 elementor-widget elementor-widget-text-editor\" data-id=\"3cd55a0\" data-element_type=\"widget\" data-e-type=\"widget\" data-widget_type=\"text-editor.default\">\n\t\t\t\t<div class=\"elementor-widget-container\">\n\t\t\t\t\t\t\t\t\t<p>Personal data will be used for the following purposes:<\/p><ul><li>Responding to information requests, quotations, and the contracting of logistics services<\/li><li>Managing transportation, warehousing, and distribution operations<\/li><li>Issuing tax invoices and carrying out billing processes<\/li><li>Complying with contractual and legal obligations<\/li><\/ul><ul><li>Service quality evaluation and continuous improvement<\/li><\/ul><p>The data subject may refuse consent for secondary purposes by sending an email to info@es-log.com<\/p>\t\t\t\t\t\t\t\t<\/div>\n\t\t\t\t<\/div>\n\t\t\t\t<div class=\"elementor-element elementor-element-0cd2a01 elementor-widget elementor-widget-heading\" data-id=\"0cd2a01\" data-element_type=\"widget\" data-e-type=\"widget\" data-widget_type=\"heading.default\">\n\t\t\t\t<div class=\"elementor-widget-container\">\n\t\t\t\t\t<h3 class=\"elementor-heading-title elementor-size-default\">Transfer of personal data<\/h3>\t\t\t\t<\/div>\n\t\t\t\t<\/div>\n\t\t\t\t<div class=\"elementor-element elementor-element-1ae006a elementor-widget elementor-widget-text-editor\" data-id=\"1ae006a\" data-element_type=\"widget\" data-e-type=\"widget\" data-widget_type=\"text-editor.default\">\n\t\t\t\t<div class=\"elementor-widget-container\">\n\t\t\t\t\t\t\t\t\t<p>Personal data may be shared with:<\/p><ul><li>Transportation, warehousing, and technology service providers<\/li><li>Competent authorities, when legally required<\/li><\/ul><p>Such transfers shall be carried out in accordance with the provisions of theLFPDPPP and its Regulations.<\/p>\t\t\t\t\t\t\t\t<\/div>\n\t\t\t\t<\/div>\n\t\t\t\t<div class=\"elementor-element elementor-element-2740251 elementor-widget elementor-widget-heading\" data-id=\"2740251\" data-element_type=\"widget\" data-e-type=\"widget\" data-widget_type=\"heading.default\">\n\t\t\t\t<div class=\"elementor-widget-container\">\n\t\t\t\t\t<h3 class=\"elementor-heading-title elementor-size-default\">ARCO Rights<\/h3>\t\t\t\t<\/div>\n\t\t\t\t<\/div>\n\t\t\t\t<div class=\"elementor-element elementor-element-0fcc1e7 elementor-widget elementor-widget-text-editor\" data-id=\"0fcc1e7\" data-element_type=\"widget\" data-e-type=\"widget\" data-widget_type=\"text-editor.default\">\n\t\t\t\t<div class=\"elementor-widget-container\">\n\t\t\t\t\t\t\t\t\t<p>The data subject has the right to <strong>Access, Rectify, Cancel, or Object<\/strong> to the processing of their personal data (ARCO Rights).<\/p><p>To exercise these rights, a request must be sent to info@es-log.com, including:<\/p><ul><li>Full name of the data subject<\/li><li>The right to be exercised<\/li><li>Preferred means to receive a response<\/li><li>Documents proving identity<\/li><\/ul><p>Responses will be provided within the timeframes established by law.<\/p>\t\t\t\t\t\t\t\t<\/div>\n\t\t\t\t<\/div>\n\t\t\t\t<div class=\"elementor-element elementor-element-5a76b27 elementor-widget elementor-widget-heading\" data-id=\"5a76b27\" data-element_type=\"widget\" data-e-type=\"widget\" data-widget_type=\"heading.default\">\n\t\t\t\t<div class=\"elementor-widget-container\">\n\t\t\t\t\t<h3 class=\"elementor-heading-title elementor-size-default\">Security measures<\/h3>\t\t\t\t<\/div>\n\t\t\t\t<\/div>\n\t\t\t\t<div class=\"elementor-element elementor-element-0c7d5f7 elementor-widget elementor-widget-text-editor\" data-id=\"0c7d5f7\" data-element_type=\"widget\" data-e-type=\"widget\" data-widget_type=\"text-editor.default\">\n\t\t\t\t<div class=\"elementor-widget-container\">\n\t\t\t\t\t\t\t\t\t<p><em>easy &amp; smart Logistics S. de R.L. de C.V.<\/em>implements the necessary administrative, technical, and physical security measures to protect personal data against damage, loss, alteration, destruction, or unauthorized use.<\/p>\t\t\t\t\t\t\t\t<\/div>\n\t\t\t\t<\/div>\n\t\t\t\t<div class=\"elementor-element elementor-element-e10c131 elementor-widget elementor-widget-heading\" data-id=\"e10c131\" data-element_type=\"widget\" data-e-type=\"widget\" data-widget_type=\"heading.default\">\n\t\t\t\t<div class=\"elementor-widget-container\">\n\t\t\t\t\t<h3 class=\"elementor-heading-title elementor-size-default\">Use of cookies<\/h3>\t\t\t\t<\/div>\n\t\t\t\t<\/div>\n\t\t\t\t<div class=\"elementor-element elementor-element-869a63a elementor-widget elementor-widget-text-editor\" data-id=\"869a63a\" data-element_type=\"widget\" data-e-type=\"widget\" data-widget_type=\"text-editor.default\">\n\t\t\t\t<div class=\"elementor-widget-container\">\n\t\t\t\t\t\t\t\t\t<p>This website uses cookies and similar technologies to improve the user experience. Users may disable cookies through their browser settings; however, doing so may affect the website\u2019s functionality.<\/p>\t\t\t\t\t\t\t\t<\/div>\n\t\t\t\t<\/div>\n\t\t\t\t<div class=\"elementor-element elementor-element-ed30135 elementor-widget elementor-widget-heading\" data-id=\"ed30135\" data-element_type=\"widget\" data-e-type=\"widget\" data-widget_type=\"heading.default\">\n\t\t\t\t<div class=\"elementor-widget-container\">\n\t\t\t\t\t<h3 class=\"elementor-heading-title elementor-size-default\">Changes to the Privacy Policy<\/h3>\t\t\t\t<\/div>\n\t\t\t\t<\/div>\n\t\t\t\t<div class=\"elementor-element elementor-element-82ea35b elementor-widget elementor-widget-text-editor\" data-id=\"82ea35b\" data-element_type=\"widget\" data-e-type=\"widget\" data-widget_type=\"text-editor.default\">\n\t\t\t\t<div class=\"elementor-widget-container\">\n\t\t\t\t\t\t\t\t\t<p>We reserve the right to modify this Privacy Policy at any time. Any changes will be made available on the website.<\/p>\t\t\t\t\t\t\t\t<\/div>\n\t\t\t\t<\/div>\n\t\t\t\t\t<\/div>\n\t\t\t\t<\/div>\n\t\t\t\t<\/div>","protected":false},"excerpt":{"rendered":"<p>El presente documento regula el uso del sitio web (&#8220;es-log.com&#8221;) propiedad de easy &amp; smart Logistics S. de R.L. de C.V, as\u00ed como el tratamiento de los datos personales de los usuarios, en cumplimiento de la legislaci\u00f3n aplicable en los Estados Unidos Mexicanos. Esta Pol\u00edtica de Privacidad describe c\u00f3mo recopilamos, utilizamos, almacenamos y protegemos sus&#8230;<\/p>","protected":false},"author":2,"featured_media":0,"parent":0,"menu_order":0,"comment_status":"closed","ping_status":"closed","template":"","meta":{"footnotes":""},"class_list":["post-3","page","type-page","status-publish","hentry"],"_links":{"self":[{"href":"https:\/\/es-log.com\/en\/wp-json\/wp\/v2\/pages\/3","targetHints":{"allow":["GET"]}}],"collection":[{"href":"https:\/\/es-log.com\/en\/wp-json\/wp\/v2\/pages"}],"about":[{"href":"https:\/\/es-log.com\/en\/wp-json\/wp\/v2\/types\/page"}],"author":[{"embeddable":true,"href":"https:\/\/es-log.com\/en\/wp-json\/wp\/v2\/users\/2"}],"replies":[{"embeddable":true,"href":"https:\/\/es-log.com\/en\/wp-json\/wp\/v2\/comments?post=3"}],"version-history":[{"count":7,"href":"https:\/\/es-log.com\/en\/wp-json\/wp\/v2\/pages\/3\/revisions"}],"predecessor-version":[{"id":988439,"href":"https:\/\/es-log.com\/en\/wp-json\/wp\/v2\/pages\/3\/revisions\/988439"}],"wp:attachment":[{"href":"https:\/\/es-log.com\/en\/wp-json\/wp\/v2\/media?parent=3"}],"curies":[{"name":"wp","href":"https:\/\/api.w.org\/{rel}","templated":true}]}}