{"id":988440,"date":"2026-01-07T00:17:33","date_gmt":"2026-01-07T00:17:33","guid":{"rendered":"https:\/\/es-log.balerocreativo.com\/?page_id=988440"},"modified":"2026-01-07T00:20:21","modified_gmt":"2026-01-07T00:20:21","slug":"terminos-y-condiciones","status":"publish","type":"page","link":"https:\/\/es-log.com\/en\/terminos-y-condiciones\/","title":{"rendered":"Terms and Conditions"},"content":{"rendered":"<div data-elementor-type=\"wp-page\" data-elementor-id=\"988440\" class=\"elementor elementor-988440\" data-elementor-settings=\"{&quot;ha_cmc_init_switcher&quot;:&quot;no&quot;}\" data-elementor-post-type=\"page\">\n\t\t\t\t<div class=\"has_eae_slider elementor-element elementor-element-928e462 animated-fast e-flex e-con-boxed e-con e-parent\" data-eae-slider=\"32172\" data-id=\"928e462\" data-element_type=\"container\" data-e-type=\"container\" data-settings=\"{&quot;animation&quot;:&quot;none&quot;,&quot;animation_tablet&quot;:&quot;none&quot;,&quot;_ha_eqh_enable&quot;:false}\">\n\t\t\t\t\t<div class=\"e-con-inner\">\n\t\t\t\t<div class=\"elementor-element elementor-element-db7acd3 elementor-widget__width-initial elementor-widget elementor-widget-theme-post-title elementor-page-title elementor-widget-heading\" data-id=\"db7acd3\" data-element_type=\"widget\" data-e-type=\"widget\" data-widget_type=\"theme-post-title.default\">\n\t\t\t\t<div class=\"elementor-widget-container\">\n\t\t\t\t\t<h1 class=\"elementor-heading-title elementor-size-default\">Terms and Conditions of Use<\/h1>\t\t\t\t<\/div>\n\t\t\t\t<\/div>\n\t\t\t\t\t<\/div>\n\t\t\t\t<\/div>\n\t\t<div class=\"has_eae_slider elementor-element elementor-element-7b9bf37 e-flex e-con-boxed e-con e-parent\" data-eae-slider=\"26775\" data-id=\"7b9bf37\" data-element_type=\"container\" data-e-type=\"container\" data-settings=\"{&quot;_ha_eqh_enable&quot;:false}\">\n\t\t\t\t\t<div class=\"e-con-inner\">\n\t\t\t\t<div class=\"elementor-element elementor-element-a79b77f elementor-widget elementor-widget-text-editor\" data-id=\"a79b77f\" data-element_type=\"widget\" data-e-type=\"widget\" data-widget_type=\"text-editor.default\">\n\t\t\t\t<div class=\"elementor-widget-container\">\n\t\t\t\t\t\t\t\t\t<p>By accessing and using this website, the user fully accepts these Terms and Conditions. If the user does not agree with them, they must refrain from using the website.<\/p>\t\t\t\t\t\t\t\t<\/div>\n\t\t\t\t<\/div>\n\t\t\t\t<div class=\"elementor-element elementor-element-1fe34bc elementor-widget elementor-widget-heading\" data-id=\"1fe34bc\" data-element_type=\"widget\" data-e-type=\"widget\" data-widget_type=\"heading.default\">\n\t\t\t\t<div class=\"elementor-widget-container\">\n\t\t\t\t\t<h3 class=\"elementor-heading-title elementor-size-default\">Use of the website<\/h3>\t\t\t\t<\/div>\n\t\t\t\t<\/div>\n\t\t\t\t<div class=\"elementor-element elementor-element-c56697d elementor-widget elementor-widget-text-editor\" data-id=\"c56697d\" data-element_type=\"widget\" data-e-type=\"widget\" data-widget_type=\"text-editor.default\">\n\t\t\t\t<div class=\"elementor-widget-container\">\n\t\t\t\t\t\t\t\t\t<p>The user agrees to:<\/p><ul><li>Use the website in a lawful manner and in compliance with applicable laws<\/li><li>Refrain from engaging in activities that may affect the security or proper functioning of the website<\/li><\/ul><p>Provide truthful and up-to-date information in any forms submitted through the website<\/p>\t\t\t\t\t\t\t\t<\/div>\n\t\t\t\t<\/div>\n\t\t\t\t<div class=\"elementor-element elementor-element-6238173 elementor-widget elementor-widget-heading\" data-id=\"6238173\" data-element_type=\"widget\" data-e-type=\"widget\" data-widget_type=\"heading.default\">\n\t\t\t\t<div class=\"elementor-widget-container\">\n\t\t\t\t\t<h3 class=\"elementor-heading-title elementor-size-default\"> Logistics services<\/h3>\t\t\t\t<\/div>\n\t\t\t\t<\/div>\n\t\t\t\t<div class=\"elementor-element elementor-element-3cd55a0 elementor-widget elementor-widget-text-editor\" data-id=\"3cd55a0\" data-element_type=\"widget\" data-e-type=\"widget\" data-widget_type=\"text-editor.default\">\n\t\t\t\t<div class=\"elementor-widget-container\">\n\t\t\t\t\t\t\t\t\t<p>The information contained on this website is provided for informational purposes only and does not constitute a binding offer until a formal contract has been duly executed by the parties.<\/p><p>The specific terms and conditions of each service shall be established in contracts, service orders, or individual quotations.<\/p>\t\t\t\t\t\t\t\t<\/div>\n\t\t\t\t<\/div>\n\t\t\t\t<div class=\"elementor-element elementor-element-0cd2a01 elementor-widget elementor-widget-heading\" data-id=\"0cd2a01\" data-element_type=\"widget\" data-e-type=\"widget\" data-widget_type=\"heading.default\">\n\t\t\t\t<div class=\"elementor-widget-container\">\n\t\t\t\t\t<h3 class=\"elementor-heading-title elementor-size-default\">Intellectual property<\/h3>\t\t\t\t<\/div>\n\t\t\t\t<\/div>\n\t\t\t\t<div class=\"elementor-element elementor-element-1ae006a elementor-widget elementor-widget-text-editor\" data-id=\"1ae006a\" data-element_type=\"widget\" data-e-type=\"widget\" data-widget_type=\"text-editor.default\">\n\t\t\t\t<div class=\"elementor-widget-container\">\n\t\t\t\t\t\t\t\t\t<p>All content on this website, including but not limited to texts, logos, images, designs, and software, is the property of <em>easy &amp; smart Logistics S. de R.L. de C.V.<\/em> , or is used under proper license, and is protected by applicable intellectual property laws.<\/p>\t\t\t\t\t\t\t\t<\/div>\n\t\t\t\t<\/div>\n\t\t\t\t<div class=\"elementor-element elementor-element-2740251 elementor-widget elementor-widget-heading\" data-id=\"2740251\" data-element_type=\"widget\" data-e-type=\"widget\" data-widget_type=\"heading.default\">\n\t\t\t\t<div class=\"elementor-widget-container\">\n\t\t\t\t\t<h3 class=\"elementor-heading-title elementor-size-default\">Governing law and jurisdiction<\/h3>\t\t\t\t<\/div>\n\t\t\t\t<\/div>\n\t\t\t\t<div class=\"elementor-element elementor-element-0fcc1e7 elementor-widget elementor-widget-text-editor\" data-id=\"0fcc1e7\" data-element_type=\"widget\" data-e-type=\"widget\" data-widget_type=\"text-editor.default\">\n\t\t\t\t<div class=\"elementor-widget-container\">\n\t\t\t\t\t\t\t\t\t<p>This document shall be governed by and construed in accordance with the laws of the <strong>United Mexican States.<\/strong>For any dispute arising from or related to these Terms and Conditions, the parties expressly submit to the competent courts of the State of Jalisco, waiving any other jurisdiction that may otherwise apply.<\/p>\t\t\t\t\t\t\t\t<\/div>\n\t\t\t\t<\/div>\n\t\t\t\t\t<\/div>\n\t\t\t\t<\/div>\n\t\t\t\t<\/div>","protected":false},"excerpt":{"rendered":"<p>Al acceder y utilizar este sitio web, el usuario acepta plenamente los presentes T\u00e9rminos y Condiciones. En caso de no estar de acuerdo, deber\u00e1 abstenerse de utilizar el sitio. Uso del sitio web El usuario se compromete a: Utilizar el sitio de manera l\u00edcita y conforme a la ley No realizar actividades que afecten la&#8230;<\/p>","protected":false},"author":2,"featured_media":0,"parent":0,"menu_order":0,"comment_status":"closed","ping_status":"closed","template":"","meta":{"footnotes":""},"class_list":["post-988440","page","type-page","status-publish","hentry"],"_links":{"self":[{"href":"https:\/\/es-log.com\/en\/wp-json\/wp\/v2\/pages\/988440","targetHints":{"allow":["GET"]}}],"collection":[{"href":"https:\/\/es-log.com\/en\/wp-json\/wp\/v2\/pages"}],"about":[{"href":"https:\/\/es-log.com\/en\/wp-json\/wp\/v2\/types\/page"}],"author":[{"embeddable":true,"href":"https:\/\/es-log.com\/en\/wp-json\/wp\/v2\/users\/2"}],"replies":[{"embeddable":true,"href":"https:\/\/es-log.com\/en\/wp-json\/wp\/v2\/comments?post=988440"}],"version-history":[{"count":7,"href":"https:\/\/es-log.com\/en\/wp-json\/wp\/v2\/pages\/988440\/revisions"}],"predecessor-version":[{"id":988447,"href":"https:\/\/es-log.com\/en\/wp-json\/wp\/v2\/pages\/988440\/revisions\/988447"}],"wp:attachment":[{"href":"https:\/\/es-log.com\/en\/wp-json\/wp\/v2\/media?parent=988440"}],"curies":[{"name":"wp","href":"https:\/\/api.w.org\/{rel}","templated":true}]}}